{"id":27160,"date":"2026-01-20T13:19:36","date_gmt":"2026-01-20T18:19:36","guid":{"rendered":"https:\/\/smartax.com.co\/smartax\/?post_type=product&#038;p=27160"},"modified":"2026-02-24T11:17:15","modified_gmt":"2026-02-24T16:17:15","slug":"manual-de-actualizacion-tributaria-2026-numero-33-edicion-digital-en-pdf","status":"publish","type":"product","link":"https:\/\/smartax.com.co\/smartax\/producto\/manual-de-actualizacion-tributaria-2026-numero-33-edicion-digital-en-pdf\/","title":{"rendered":"Manual de Actualizaci\u00f3n Tributaria 2026 N\u00famero 33 &#8211; Edici\u00f3n digital en PDF"},"content":{"rendered":"<p><img fetchpriority=\"high\" decoding=\"async\" class=\"aligncenter wp-image-27169 size-full\" src=\"https:\/\/smartax.com.co\/smartax\/wp-content\/uploads\/2026\/01\/PDF_2.jpg\" alt=\"\" width=\"1200\" height=\"739\" srcset=\"https:\/\/smartax.com.co\/smartax\/wp-content\/uploads\/2026\/01\/PDF_2.jpg 1200w, https:\/\/smartax.com.co\/smartax\/wp-content\/uploads\/2026\/01\/PDF_2-300x185.jpg 300w, https:\/\/smartax.com.co\/smartax\/wp-content\/uploads\/2026\/01\/PDF_2-1024x631.jpg 1024w, https:\/\/smartax.com.co\/smartax\/wp-content\/uploads\/2026\/01\/PDF_2-768x473.jpg 768w, https:\/\/smartax.com.co\/smartax\/wp-content\/uploads\/2026\/01\/PDF_2-600x370.jpg 600w\" sizes=\"(max-width: 1200px) 100vw, 1200px\" \/><\/p>\n<p>&nbsp;<\/p>\n<p>Despu\u00e9s de m\u00e1s de <strong>32 a\u00f1os<\/strong>, nuestro Manual actualizaci\u00f3n tributaria, sigue siendo una herramienta clave para dinamizar el d\u00eda a d\u00eda de muchos profesionales de impuestos y empresarios.<\/p>\n<p>Nuestra idea con el Manual siempre ha sido hacer un aporte de valor para la comunidad de profesionales de impuestos, contabilidad y afines, buscando reunir en una publicaci\u00f3n los datos de m\u00e1s importancia y constante consulta.<\/p>\n<p>Recuerda que esta es una versi\u00f3n descargable en PDF y tendr\u00e1s acceso a un archivo para consulta en computador y dispositivos m\u00f3viles.<\/p>\n<p>&nbsp;<\/p>\n<p><img decoding=\"async\" class=\"aligncenter wp-image-27168 size-full\" src=\"https:\/\/smartax.com.co\/smartax\/wp-content\/uploads\/2026\/01\/PDF_1.jpg\" alt=\"\" width=\"1200\" height=\"667\" srcset=\"https:\/\/smartax.com.co\/smartax\/wp-content\/uploads\/2026\/01\/PDF_1.jpg 1200w, https:\/\/smartax.com.co\/smartax\/wp-content\/uploads\/2026\/01\/PDF_1-300x167.jpg 300w, https:\/\/smartax.com.co\/smartax\/wp-content\/uploads\/2026\/01\/PDF_1-1024x569.jpg 1024w, https:\/\/smartax.com.co\/smartax\/wp-content\/uploads\/2026\/01\/PDF_1-768x427.jpg 768w, https:\/\/smartax.com.co\/smartax\/wp-content\/uploads\/2026\/01\/PDF_1-600x334.jpg 600w\" sizes=\"(max-width: 1200px) 100vw, 1200px\" \/><\/p>\n<h3><\/h3>\n<h3 class=\"null\"><span style=\"color: #ff0000;\">En esta edici\u00f3n encontrar\u00e1s datos de mucha utilidad para los a\u00f1os gravables 2024 y 2025:<\/span><\/h3>\n<ul>\n<li>Calendarios de plazos y vencimientos.<\/li>\n<li>Tasas de intereses moratorios.<\/li>\n<li>Sanciones.<\/li>\n<li>R\u00e9gimen Simple de Tributaci\u00f3n.<\/li>\n<li>Tabla de retenci\u00f3n en la fuente.<\/li>\n<li>Impuesto a dividendos.<\/li>\n<li>Impuesto al patrimonio.<\/li>\n<li>Impuesto a las ventas &#8211; IVA.<\/li>\n<li>Impuesto sobre la renta.<\/li>\n<li>Ajuste de activos fijos para personas naturales.<\/li>\n<li>Deducciones especiales.<\/li>\n<li>Algunos datos estad\u00edsticos.<\/li>\n<li>Descuentos tributarios.<\/li>\n<li>Cr\u00e9ditos fiscales.<\/li>\n<li>Rentas exentas.<\/li>\n<li>Ganancias ocasionales exentas.<\/li>\n<li>Informaci\u00f3n ex\u00f3gena.<\/li>\n<li>Tasa m\u00ednima de tributaci\u00f3n.<\/li>\n<li>Datos laborales.<\/li>\n<li>Otras consideraciones.<\/li>\n<\/ul>\n<p>&nbsp;<\/p>\n<p>Tambi\u00e9n puedes adquirir la versi\u00f3n impresa de nuestro Manual actualizaci\u00f3n tributaria 2026 aqu\u00ed: https:\/\/smartax.com.co\/smartax\/producto\/manual-actualizacion-tributaria-2026-numero-33-edicion-impresa\/<\/p>\n<p>&nbsp;<\/p>\n","protected":false},"excerpt":{"rendered":"<h3 class=\"null\">Manual de actualizaci\u00f3n tributaria 2026 edici\u00f3n digital PDF<\/h3>\n<p>Nuestro Manual de actualizaci\u00f3n tributaria llega a su edici\u00f3n n\u00famero 33, como es usual incluimos datos clave en materia tributaria, contable y otros datos de inter\u00e9s y amplia utilidad para los profesionales de impuestos y afines.<\/p>\n<p>Esta edici\u00f3n en PDF te permite visualizar el manual en computadoras y dispositivos m\u00f3viles.<\/p>\n","protected":false},"featured_media":27170,"template":"","meta":{"_acf_changed":false},"product_brand":[],"product_cat":[16],"product_tag":[],"class_list":{"0":"post-27160","1":"product","2":"type-product","3":"status-publish","4":"has-post-thumbnail","6":"product_cat-sin-categorizar","8":"first","9":"instock","10":"downloadable","11":"virtual","12":"taxable","13":"purchasable","14":"product-type-simple"},"acf":[],"_links":{"self":[{"href":"https:\/\/smartax.com.co\/smartax\/wp-json\/wp\/v2\/product\/27160","targetHints":{"allow":["GET"]}}],"collection":[{"href":"https:\/\/smartax.com.co\/smartax\/wp-json\/wp\/v2\/product"}],"about":[{"href":"https:\/\/smartax.com.co\/smartax\/wp-json\/wp\/v2\/types\/product"}],"wp:featuredmedia":[{"embeddable":true,"href":"https:\/\/smartax.com.co\/smartax\/wp-json\/wp\/v2\/media\/27170"}],"wp:attachment":[{"href":"https:\/\/smartax.com.co\/smartax\/wp-json\/wp\/v2\/media?parent=27160"}],"wp:term":[{"taxonomy":"product_brand","embeddable":true,"href":"https:\/\/smartax.com.co\/smartax\/wp-json\/wp\/v2\/product_brand?post=27160"},{"taxonomy":"product_cat","embeddable":true,"href":"https:\/\/smartax.com.co\/smartax\/wp-json\/wp\/v2\/product_cat?post=27160"},{"taxonomy":"product_tag","embeddable":true,"href":"https:\/\/smartax.com.co\/smartax\/wp-json\/wp\/v2\/product_tag?post=27160"}],"curies":[{"name":"wp","href":"https:\/\/api.w.org\/{rel}","templated":true}]}}